{"id":5696,"date":"2023-08-25T12:56:27","date_gmt":"2023-08-25T12:56:27","guid":{"rendered":"https:\/\/080barcelonafashion.cat?page_id=5696"},"modified":"2023-11-09T16:11:30","modified_gmt":"2023-11-09T16:11:30","slug":"newsletter","status":"publish","type":"page","link":"https:\/\/080barcelonafashion.cat\/es_ES\/newsletter\/","title":{"rendered":"Newsletter"},"content":{"rendered":"\n<h2 class=\"uk-text-center\">Registro<\/h2>\n\n<!-- [BEGIN OF SIGNUP FORM]-->\n<div style=\"max-width: 500px;margin: 90px auto;\">\n    <form name=\"frmjoin\" id=\"frmjoin\" method=\"post\" action=\"https:\/\/track.ccam.cat\/join.php?L=ktOcc763Bf6NaYuycIWrVCFQ\" class=\"form\"> <input value=\"\" id=\"frm_guardar\" name=\"frm_guardar\" type=\"hidden\"\/><h2 class=\"tit-form\" style=\"display: none;\">\u00danete a la lista<\/h2><p id=\"required_message\" class=\"required\" style=\"display: block;\">*Campos necesarios<\/p><div id=\"error_frm_email\" style=\"font-size:14px;display:none; color:#f44;\">El \u00abEmail\u00bb no es v\u00e1lido.<\/div>\n    <div class=\"control-group\">\n\t\t<label class=\"control-label\" for=\"frm_email\">Email*<\/label>\n\t\t<div class=\"controls\">\n\t\t\t<input data-type=\"email\" value=\"\" id=\"frm_email\" name=\"frm_email\" type=\"text\" placeholder=\"Email*\" class=\"m-wrap ac-input ac-span12\"\/>\t\t\t\n\t\t<\/div>\n\t<\/div><div id=\"error_frm_custom_field_101664\" style=\"font-size:14px;display:none; color:#f44;\">El campo no puede estar vac\u00edo.<\/div>\n    <div class=\"control-group\">\n\t\t<label class=\"control-label\" for=\"frm_custom_field_101664\">Nombre<\/label>\n\t\t<div class=\"controls\">\n\t\t\t<input data-type=\"\" value=\"\" id=\"frm_custom_field_101664\" name=\"frm_custom_field_101664\" type=\"text\" placeholder=\"Name\" class=\"m-wrap ac-input ac-span12\"\/>\t\t\t\n\t\t<\/div>\n\t<\/div><div id=\"error_frm_custom_field_101665\" style=\"font-size:14px;display:none; color:#f44;\">El campo no puede estar vac\u00edo.<\/div>\n    <div class=\"control-group\">\n\t\t<label class=\"control-label\" for=\"frm_custom_field_101665\">Apellido<\/label>\n\t\t<div class=\"controls\">\n\t\t\t<input data-type=\"\" value=\"\" id=\"frm_custom_field_101665\" name=\"frm_custom_field_101665\" type=\"text\" placeholder=\"Last name\" class=\"m-wrap ac-input ac-span12\"\/>\t\t\t\n\t\t<\/div>\n\t<\/div><div id=\"error_frm_custom_field_101666\" style=\"font-size:14px;display:none; color:#f44;\">El campo no puede estar vac\u00edo.<\/div>\n    <div class=\"control-group\">\n\t\t<label class=\"control-label\" for=\"frm_custom_field_101666\">Ciudad<\/label>\n\t\t<div class=\"controls\">\n\t\t\t<input data-type=\"\" value=\"\" id=\"frm_custom_field_101666\" name=\"frm_custom_field_101666\" type=\"text\" placeholder=\"City\" class=\"m-wrap ac-input ac-span12\"\/>\t\t\t\n\t\t<\/div>\n\t<\/div><div id=\"error_frm_custom_field_101668\" style=\"font-size:14px;display:none; color:#f44;\">El campo no puede estar vac\u00edo.<\/div>\n    <div class=\"control-group\">\n\t\t<label class=\"control-label\" for=\"frm_custom_field_101668\">Pa\u00eds<\/label>\n\t\t<div class=\"controls\">\n\t\t\t<input data-type=\"\" value=\"\" id=\"frm_custom_field_101668\" name=\"frm_custom_field_101668\" type=\"text\" placeholder=\"Country\" class=\"m-wrap ac-input ac-span12\"\/>\t\t\t\n\t\t<\/div>\n\t<\/div><div id=\"error_frm_custom_field_102020\" style=\"font-size:14px;display:none; color:#f44;\">Por favor elija una opci\u00f3n.<\/div>\n    <div class=\"control-group\">\n\t\t<label class=\"control-label\" for=\"frm_custom_field_102020\">Idioma*<\/label>\n\t\t<div class=\"controls\">\n            <select data-type=\"select\" name=\"frm_custom_field_102020\" data-placeholder=\"\" id=\"frm_custom_field_102020\" class=\"m-wrap ac-input  ac-span12\">\n        <option selected=\"\" value=\"0\">&#8211; Elegir &#8211;<\/option><option value=\"key_102020_1\">Catal\u00e0<\/option><option value=\"key_102020_2\">Castellano<\/option><option value=\"key_102020_3\">English<\/option>\n                <\/select>\n    \t\t<\/div>\n\t<\/div><div id=\"error_rgpd\" style=\"font-size:14px;display:none; color:#f44;\">Es necesario que autorices el tratamiento de tus datos<\/div>\n    <div class=\"control-group\">\n\t\t<label class=\"control-label\" for=\"frm_rgpd\"><\/label>\n\t\t<div class=\"controls\"><label class=\"checkbox inline\">\n            <input type=\"checkbox\" value=\"1\" name=\"frm_rgpd[]\"\/>Autorizas al Consorci de Comer\u00e7, Artesania i Moda de Catalunya, organizador de 080 Barcelona Fashion, a utilizar la informaci\u00f3n que nos facilitas en este formulario para mantenerte informado de sus novedades y enviarte informaci\u00f3n sobre el evento 080 Barcelona Fashion por correo electr\u00f3nico.<\/label>\n    \t\t<\/div>\n\t<\/div><p style=\"font-size:10px\">En cualquier momento podr\u00e1 ejercitar sus derechos de acceso, rectificaci\u00f3n, oposici\u00f3n, portabilidad, limitaci\u00f3n en el tratamiento y supresi\u00f3n de los datos objeto de tratamiento pinchando en los enlaces \\\u00bbActualizar datos\\\u00bb y \\\u00bbBaja\\\u00bb, enviando un carta indicando el derecho ejercitado a la direcci\u00f3n postal indicada en la parte inferior o a la siguiente direcci\u00f3n de correo electr\u00f3nico rgpd_ccam@gencat.cat o comunicacio.ccam@gencat.cat.<\/p><input type=\"hidden\" name=\"frm_email_format\" id=\"frm_email_format\" value=\"2\"\/><p class=\"center\">\n        <button class=\"btn btn-inverse\" style=\"color: #fff;border: none;background: #000;margin: 20px 0; width: 100%; padding: 9px; text-transform: uppercase;\" id=\"btn-join\" type=\"submit\">Enviar<\/button><\/p><input type=\"hidden\" name=\"frm_nc\" id=\"frm_nc\" value=\"1\"\/><link title=\"embed_style\" rel=\"stylesheet\" type=\"text\/css\" href=\"https:\/\/d1nn1beycom2nr.cloudfront.net\/news\/css\/form.style.css\" id=\"embed_style\"\/><div id=\"acr_scripts\" style=\"display: none\"><\/div><script id=\"embed_jquery\">function AddJQuery(){if (!window.jQuery){ var jq = document.createElement(\"script\"); jq.type = \"text\/javascript\"; jq.src = \"https:\/\/code.jquery.com\/jquery-1.11.0.min.js\"; jq.async=false; var ele = document.getElementById(\"acr_scripts\"); if(ele) {ele.appendChild(jq); } } }   <\/script><script id=\"embed_script\">function AddScript(){var jq = document.createElement(\"script\"); jq.type = \"text\/javascript\"; jq.src = \"https:\/\/d1nn1beycom2nr.cloudfront.net\/news\/scripts\/form.script.js\"; jq.async=false; var ele = document.getElementById(\"acr_scripts\"); if(ele) { ele.appendChild(jq); } }  <\/script><script id=\"add_script\">window.onload = function() { AddJQuery(); AddScript(); }<\/script><\/form>\n\n<h5>\u00a1IMPORTANTE! Recibir\u00e1s un email para activar tu suscripci\u00f3n a la newsletter del 080, si no lo encuentras confirma en la carpeta de spam<\/h5>\n    <\/div>\n<!-- [END OF SIGNUP FORM] -->\n","protected":false},"excerpt":{"rendered":"<p><!-- wp:html --><\/p>\n<h2 class=\"uk-text-center\">Registro<\/h2>\n<p><!-- [BEGIN OF SIGNUP FORM]--><\/p>\n<div style=\"max-width: 500px;margin: 90px auto;\">\n<form name=\"frmjoin\" id=\"frmjoin\" method=\"post\" action=\"https:\/\/track.ccam.cat\/join.php?L=ktOcc763Bf6NaYuy... \n\n","protected":false},"author":1,"featured_media":0,"parent":0,"menu_order":0,"comment_status":"closed","ping_status":"closed","template":"","meta":{"_acf_changed":false,"today-dj-active":false,"todays-dj-list":"%5B%5D","lookbook-gallery":"","show-list":"%5B%5D","display-name":"","date":"","video-id":"","video-file":"","video-file-thumbnail":"","designer-images":"","images-editorial":"","images-athmosphere":"","images-front-row":"","images-photocall":"","designer-image":"","designer-name":"","collection-name":"","cs-coleccion":"","cs-biografia":"","es-coleccion":"","es-biografia":"","en-coleccion":"","en-biografia":"","localizacion":"","time":"","contact-data":"","zip-file":"","posted-date":"","twitter":"","facebook":"","twitch":"","youtube":"","instagram":"","linkedin":"","tiktok":"","website":"","agenda-event":"%5B%5D","agenda-bg":"","pdf_version_of_the_agenda":"","mo-backstage":"","mo-beauty":"","mo-athmosphere":"","mo-streetstyle":"","footnotes":""},"class_list":["post-5696","page","type-page","status-publish","hentry"],"acf":[],"_links":{"self":[{"href":"https:\/\/080barcelonafashion.cat\/es_ES\/wp-json\/wp\/v2\/pages\/5696","targetHints":{"allow":["GET"]}}],"collection":[{"href":"https:\/\/080barcelonafashion.cat\/es_ES\/wp-json\/wp\/v2\/pages"}],"about":[{"href":"https:\/\/080barcelonafashion.cat\/es_ES\/wp-json\/wp\/v2\/types\/page"}],"author":[{"embeddable":true,"href":"https:\/\/080barcelonafashion.cat\/es_ES\/wp-json\/wp\/v2\/users\/1"}],"replies":[{"embeddable":true,"href":"https:\/\/080barcelonafashion.cat\/es_ES\/wp-json\/wp\/v2\/comments?post=5696"}],"version-history":[{"count":9,"href":"https:\/\/080barcelonafashion.cat\/es_ES\/wp-json\/wp\/v2\/pages\/5696\/revisions"}],"predecessor-version":[{"id":10318,"href":"https:\/\/080barcelonafashion.cat\/es_ES\/wp-json\/wp\/v2\/pages\/5696\/revisions\/10318"}],"wp:attachment":[{"href":"https:\/\/080barcelonafashion.cat\/es_ES\/wp-json\/wp\/v2\/media?parent=5696"}],"curies":[{"name":"wp","href":"https:\/\/api.w.org\/{rel}","templated":true}]}}