{"id":2894,"date":"2023-05-04T14:16:43","date_gmt":"2023-05-04T14:16:43","guid":{"rendered":"https:\/\/080barcelonafashion.cat?page_id=2894"},"modified":"2023-11-09T16:07:58","modified_gmt":"2023-11-09T16:07:58","slug":"avis-legal","status":"publish","type":"page","link":"https:\/\/080barcelonafashion.cat\/es_ES\/avis-legal\/","title":{"rendered":"Aviso legal"},"content":{"rendered":"\n<p>De acuerdo con el art\u00edculo 17.1 de la Ley 19\/2014, la \u00a9Generalitat de Catalunya permite la reutilizaci\u00f3n de los contenidos y de los datos siempre que se cite la fuente y la fecha de actualizaci\u00f3n y que no se desnaturalice la informaci\u00f3n (art\u00edculo 8 de la Ley 37\/2007); tambi\u00e9n que no se contradiga con una licencia espec\u00edfica.<\/p>\n\n\n\n<p><strong>Condiciones de uso y modalidades de reutilizaci\u00f3n de la informaci\u00f3n<\/strong><br \/><br \/>La Ley 18\/2015, de 9 de julio, por la que se modifica la Ley 37\/2007, de 16 de noviembre, sobre reutilizaci\u00f3n de la informaci\u00f3n del sector p\u00fablico, regula la reutilizaci\u00f3n de la informaci\u00f3n p\u00fablica de que disponen las administraciones y organismos en que participan mayoritariamente, es decir, el derecho de todos los agentes potenciales del mercado a la reutilizaci\u00f3n de la informaci\u00f3n de las instancias p\u00fablicas.<\/p>\n\n\n\n<p>De conformidad con esta normativa, la Administraci\u00f3n permite la reproducci\u00f3n, la distribuci\u00f3n y la comunicaci\u00f3n p\u00fablica de la obra y, adem\u00e1s, la transformaci\u00f3n de la obra para hacer obras derivadas, para todo el mundo y sin limitaci\u00f3n temporal, y siempre que no se contradiga con la licencia o aviso que pueda tener una obra y que es la que prevalece.<\/p>\n\n\n\n<p>Para reutilizar la informaci\u00f3n, hay que seguir las siguientes condiciones:<br \/>a) No desnaturalizar el sentido de la informaci\u00f3n.<br \/>b) Citar siempre la fuente de la informaci\u00f3n, que es \u00ab\u00a9Generalitat de Catalunya. Departament d\u2019Empresa i Coneixement. Consorci de Comer\u00e7, Artesania i Moda de Catalunya\u201d<br \/>c) Mencionar la fecha de la \u00faltima actualizaci\u00f3n de la informaci\u00f3n.<\/p>\n\n\n\n<p><strong>Otras modalidades de reutilizaci\u00f3n<\/strong><\/p>\n\n\n\n<p>Asimismo, la reutilizaci\u00f3n se puede limitar por la tutela de otros bienes jur\u00eddicos prioritarios, como la protecci\u00f3n de los datos personales, la intimidad o los derechos de protecci\u00f3n intelectual de terceros. La reutilizaci\u00f3n de obras protegidas por la propiedad intelectual se puede formalizar mediante el uso de licencias de difusi\u00f3n abierta, como las de&nbsp;<em>Creative Commons<\/em>, que ceden determinados derechos de explotaci\u00f3n de las obras. En los contenidos en los que se aplique este tipo de licencias, se permite la reutilizaci\u00f3n en las condiciones que se establezcan en las mismas.<\/p>\n\n\n\n<p>No se autoriza en ning\u00fan caso el uso de logotipos, marcas, escudos y s\u00edmbolos distintivos del Consorci de Comer\u00e7, Artesania i Moda de Catalunya (\u00a9Generalitat de Catalunya) en publicaciones y webs que no est\u00e9n participados o patrocinados por el Consorci de Comer\u00e7, Artesania i Moda de Catalunya. Estos elementos de identidad gr\u00e1fica corporativa son propiedad exclusiva del Consorci de Comer\u00e7, Artesania i Moda de Catalunya (\u00a9Generalitat de Catalunya) y est\u00e1n protegidos por la legislaci\u00f3n vigente aplicable.<\/p>\n\n\n\n<p>La Administraci\u00f3n de la Generalitat no es responsable de la informaci\u00f3n que se pueda obtener a trav\u00e9s de enlaces a sistemas externos que no sean dependientes de esta Administraci\u00f3n.<\/p>\n\n\n\n<p>La \u00a9 Generalitat de Catalunya no garantiza que el sitio web y el servidor est\u00e9n libres de virus y no se hace responsable de los da\u00f1os causados por el acceso al web o por la imposibilidad de acceso.<\/p>\n","protected":false},"excerpt":{"rendered":"<p><!-- wp:paragraph --><\/p>\n<p>De acuerdo con el art\u00edculo 17.1 de la Ley 19\/2014, la \u00a9Generalitat de Catalunya permite la reutilizaci\u00f3n de los contenidos y de los datos siempre que se cite la fuente y la fecha de actualizaci\u00f3n y que no se desnaturalice la &#8230;<\/p>\n","protected":false},"author":1,"featured_media":0,"parent":0,"menu_order":0,"comment_status":"closed","ping_status":"closed","template":"","meta":{"_acf_changed":false,"today-dj-active":false,"todays-dj-list":"%5B%5D","lookbook-gallery":"","show-list":"%5B%5D","display-name":"","date":"","video-id":"","video-file":"","video-file-thumbnail":"","designer-images":"","images-editorial":"","images-athmosphere":"","images-front-row":"","images-photocall":"","designer-image":"","designer-name":"","collection-name":"","cs-coleccion":"","cs-biografia":"","es-coleccion":"","es-biografia":"","en-coleccion":"","en-biografia":"","localizacion":"","time":"","contact-data":"","zip-file":"","posted-date":"","twitter":"","facebook":"","twitch":"","youtube":"","instagram":"","linkedin":"","tiktok":"","website":"","agenda-event":"%5B%5D","agenda-bg":"","pdf_version_of_the_agenda":"","mo-backstage":"","mo-beauty":"","mo-athmosphere":"","mo-streetstyle":"","footnotes":""},"class_list":["post-2894","page","type-page","status-publish","hentry"],"acf":[],"_links":{"self":[{"href":"https:\/\/080barcelonafashion.cat\/es_ES\/wp-json\/wp\/v2\/pages\/2894","targetHints":{"allow":["GET"]}}],"collection":[{"href":"https:\/\/080barcelonafashion.cat\/es_ES\/wp-json\/wp\/v2\/pages"}],"about":[{"href":"https:\/\/080barcelonafashion.cat\/es_ES\/wp-json\/wp\/v2\/types\/page"}],"author":[{"embeddable":true,"href":"https:\/\/080barcelonafashion.cat\/es_ES\/wp-json\/wp\/v2\/users\/1"}],"replies":[{"embeddable":true,"href":"https:\/\/080barcelonafashion.cat\/es_ES\/wp-json\/wp\/v2\/comments?post=2894"}],"version-history":[{"count":2,"href":"https:\/\/080barcelonafashion.cat\/es_ES\/wp-json\/wp\/v2\/pages\/2894\/revisions"}],"predecessor-version":[{"id":10316,"href":"https:\/\/080barcelonafashion.cat\/es_ES\/wp-json\/wp\/v2\/pages\/2894\/revisions\/10316"}],"wp:attachment":[{"href":"https:\/\/080barcelonafashion.cat\/es_ES\/wp-json\/wp\/v2\/media?parent=2894"}],"curies":[{"name":"wp","href":"https:\/\/api.w.org\/{rel}","templated":true}]}}