{"id":15779,"date":"2024-07-25T13:03:54","date_gmt":"2024-07-25T13:03:54","guid":{"rendered":"https:\/\/080barcelonafashion.cat\/?page_id=15779"},"modified":"2024-07-25T13:03:55","modified_gmt":"2024-07-25T13:03:55","slug":"privacy-policy","status":"publish","type":"page","link":"https:\/\/080barcelonafashion.cat\/es_ES\/privacy-policy\/","title":{"rendered":"Pol\u00edtica de privacidad"},"content":{"rendered":"\n<p>En <strong>080 Barcelona Fashion<\/strong> (en adelante, \u00ab080BF\u00bb) y la <strong>Generalitat de Catalu\u00f1a<\/strong> (en adelante, \u00abGeneralitat\u00bb), estamos comprometidos con la protecci\u00f3n de su privacidad y garantizamos que sus datos personales se traten de manera adecuada y conforme a la normativa vigente. Esta Pol\u00edtica de Privacidad describe c\u00f3mo recogemos, utilizamos y protegemos la informaci\u00f3n personal que obtenemos a trav\u00e9s de nuestro sitio web: <strong>080barcelonafashion.cat<\/strong> (en adelante, el \u00abSitio Web\u00bb).<\/p>\n\n\n\n<h2 class=\"wp-block-heading\">1. <strong>Responsable del Tratamiento<\/strong><\/h2>\n\n\n\n<p>El responsable del tratamiento de los datos personales recogidos en este Sitio Web es:<\/p>\n\n\n\n<p><strong>Generalitat de Catalu\u00f1a<\/strong><br \/>Direcci\u00f3n: c\/ Puig i Xoriguer, 11-13 08004 \u2013 Barcelona<br \/>Correo electr\u00f3nico: <a href=\"mailto:info@080barcelonafashion.cat\" target=\"_blank\" rel=\"noreferrer noopener\">info@080barcelonafashion.cat<\/a><\/p>\n\n\n\n<h2 class=\"wp-block-heading\">2. <strong>Datos Personales Recogidos<\/strong><\/h2>\n\n\n\n<p>Los datos personales que podemos recoger a trav\u00e9s del Sitio Web incluyen:<\/p>\n\n\n\n<ul class=\"wp-block-list\">\n<li><strong>Datos de identificaci\u00f3n<\/strong>: nombre, apellidos, direcci\u00f3n de correo electr\u00f3nico, n\u00famero de tel\u00e9fono, etc.<\/li>\n\n\n\n<li><strong>Datos de navegaci\u00f3n<\/strong>: direcci\u00f3n IP, tipo de navegador, idioma, tiempos de acceso y direcciones de sitios web de referencia.<\/li>\n\n\n\n<li><strong>Datos de preferencias y uso<\/strong>: preferencias sobre moda, eventos y actividades relacionadas con 080BF.<\/li>\n<\/ul>\n\n\n\n<h2 class=\"wp-block-heading\">3. <strong>Finalidades del Tratamiento<\/strong><\/h2>\n\n\n\n<p>Los datos personales recopilados se utilizar\u00e1n para las siguientes finalidades:<\/p>\n\n\n\n<ul class=\"wp-block-list\">\n<li>Gestionar y responder a consultas o solicitudes realizadas a trav\u00e9s del Sitio Web.<\/li>\n\n\n\n<li>Enviar boletines informativos y comunicaciones promocionales relacionadas con 080BF, siempre que se cuente con el consentimiento del interesado.<\/li>\n\n\n\n<li>Mejorar la experiencia de usuario y los servicios ofrecidos en el Sitio Web.<\/li>\n\n\n\n<li>Realizar estudios y an\u00e1lisis de uso y preferencias, con el fin de mejorar nuestros servicios y ofertas.<\/li>\n<\/ul>\n\n\n\n<h2 class=\"wp-block-heading\">4. <strong>Legitimaci\u00f3n del Tratamiento<\/strong><\/h2>\n\n\n\n<p>El tratamiento de sus datos personales se basa en el consentimiento otorgado al aceptar esta Pol\u00edtica de Privacidad y, en su caso, en la necesidad de dar cumplimiento a obligaciones legales o contractuales.<\/p>\n\n\n\n<h2 class=\"wp-block-heading\">5. <strong>Conservaci\u00f3n de los Datos<\/strong><\/h2>\n\n\n\n<p>Los datos personales se conservar\u00e1n durante el tiempo necesario para cumplir con las finalidades para las cuales fueron recogidos, o hasta que el usuario solicite su supresi\u00f3n, siempre que no exista una obligaci\u00f3n legal de conservarlos por un periodo mayor.<\/p>\n\n\n\n<h2 class=\"wp-block-heading\">6. <strong>Derechos del Usuario<\/strong><\/h2>\n\n\n\n<p>El usuario puede ejercer los siguientes derechos en relaci\u00f3n con sus datos personales:<\/p>\n\n\n\n<ul class=\"wp-block-list\">\n<li><strong>Derecho de acceso<\/strong>: obtener informaci\u00f3n sobre los datos personales que tratamos.<\/li>\n\n\n\n<li><strong>Derecho de rectificaci\u00f3n<\/strong>: solicitar la correcci\u00f3n de datos inexactos o incompletos.<\/li>\n\n\n\n<li><strong>Derecho de supresi\u00f3n<\/strong>: solicitar la eliminaci\u00f3n de sus datos personales cuando estos ya no sean necesarios para los fines para los que fueron recogidos.<\/li>\n\n\n\n<li><strong>Derecho de oposici\u00f3n<\/strong>: oponerse al tratamiento de sus datos personales en determinadas circunstancias.<\/li>\n\n\n\n<li><strong>Derecho de limitaci\u00f3n del tratamiento<\/strong>: solicitar la limitaci\u00f3n del tratamiento de sus datos en ciertas situaciones.<\/li>\n\n\n\n<li><strong>Derecho a la portabilidad de los datos<\/strong>: recibir sus datos personales en un formato estructurado, de uso com\u00fan y lectura mec\u00e1nica.<\/li>\n<\/ul>\n\n\n\n<p>Para ejercer estos derechos, puede enviar una solicitud escrita a la direcci\u00f3n de correo electr\u00f3nico proporcionada anteriormente, incluyendo una copia de su documento de identidad para su correcta identificaci\u00f3n.<\/p>\n\n\n\n<h2 class=\"wp-block-heading\">7. <strong>Medidas de Seguridad<\/strong><\/h2>\n\n\n\n<p>La Generalitat de Catalu\u00f1a implementa medidas t\u00e9cnicas y organizativas adecuadas para garantizar la seguridad de los datos personales y protegerlos contra su destrucci\u00f3n, p\u00e9rdida, acceso o alteraci\u00f3n no autorizados.<\/p>\n\n\n\n<h2 class=\"wp-block-heading\">8. <strong>Modificaciones de la Pol\u00edtica de Privacidad<\/strong><\/h2>\n\n\n\n<p>Esta Pol\u00edtica de Privacidad puede ser modificada para adaptarse a cambios en la legislaci\u00f3n o en las pr\u00e1cticas de tratamiento de informaci\u00f3n. Publicaremos cualquier modificaci\u00f3n en esta p\u00e1gina y, si es necesario, le notificaremos por otros medios.<\/p>\n\n\n\n<h2 class=\"wp-block-heading\">9. <strong>Contacto<\/strong><\/h2>\n\n\n\n<p>Si tiene preguntas o comentarios sobre esta Pol\u00edtica de Privacidad, puede ponerse en contacto con nosotros a trav\u00e9s de <a href=\"mailto:info@080barcelonafashion.cat\" target=\"_blank\" rel=\"noreferrer noopener\">info@080barcelonafashion.cat<\/a><\/p>\n\n\n\n<p>Fecha de la \u00faltima actualizaci\u00f3n: 25\/07\/2024<\/p>\n\n\n\n<hr class=\"wp-block-separator has-alpha-channel-opacity\"\/>\n\n\n\n<p>Esta pol\u00edtica de privacidad est\u00e1 dise\u00f1ada para proteger la informaci\u00f3n personal de los usuarios y cumplir con las obligaciones legales en materia de protecci\u00f3n de datos.<\/p>\n","protected":false},"excerpt":{"rendered":"<p><!-- wp:paragraph --><\/p>\n<p>En <strong>080 Barcelona Fashion<\/strong> (en adelante, \u00ab080BF\u00bb) y la <strong>Generalitat de Catalu\u00f1a<\/strong> (en adelante, \u00abGeneralitat\u00bb), estamos comprometidos con la protecci\u00f3n de su privacidad y garantizamos que sus dato&#8230;<\/p>\n","protected":false},"author":1,"featured_media":0,"parent":0,"menu_order":0,"comment_status":"closed","ping_status":"open","template":"","meta":{"_acf_changed":false,"today-dj-active":false,"todays-dj-list":"%5B%5D","lookbook-gallery":"","show-list":"%5B%5D","display-name":"","date":"","video-id":"","video-file":"","video-file-thumbnail":"","designer-images":"","images-editorial":"","images-athmosphere":"","images-front-row":"","images-photocall":"","designer-image":"","designer-name":"","collection-name":"","cs-coleccion":"","cs-biografia":"","es-coleccion":"","es-biografia":"","en-coleccion":"","en-biografia":"","localizacion":"","time":"","contact-data":"","zip-file":"","posted-date":"","twitter":"","facebook":"","twitch":"","youtube":"","instagram":"","linkedin":"","tiktok":"","website":"","agenda-event":"%5B%5D","agenda-bg":"","pdf_version_of_the_agenda":"","mo-backstage":"","mo-beauty":"","mo-athmosphere":"","mo-streetstyle":"","footnotes":""},"class_list":["post-15779","page","type-page","status-publish","hentry"],"acf":[],"_links":{"self":[{"href":"https:\/\/080barcelonafashion.cat\/es_ES\/wp-json\/wp\/v2\/pages\/15779","targetHints":{"allow":["GET"]}}],"collection":[{"href":"https:\/\/080barcelonafashion.cat\/es_ES\/wp-json\/wp\/v2\/pages"}],"about":[{"href":"https:\/\/080barcelonafashion.cat\/es_ES\/wp-json\/wp\/v2\/types\/page"}],"author":[{"embeddable":true,"href":"https:\/\/080barcelonafashion.cat\/es_ES\/wp-json\/wp\/v2\/users\/1"}],"replies":[{"embeddable":true,"href":"https:\/\/080barcelonafashion.cat\/es_ES\/wp-json\/wp\/v2\/comments?post=15779"}],"version-history":[{"count":3,"href":"https:\/\/080barcelonafashion.cat\/es_ES\/wp-json\/wp\/v2\/pages\/15779\/revisions"}],"predecessor-version":[{"id":15783,"href":"https:\/\/080barcelonafashion.cat\/es_ES\/wp-json\/wp\/v2\/pages\/15779\/revisions\/15783"}],"wp:attachment":[{"href":"https:\/\/080barcelonafashion.cat\/es_ES\/wp-json\/wp\/v2\/media?parent=15779"}],"curies":[{"name":"wp","href":"https:\/\/api.w.org\/{rel}","templated":true}]}}